{"id":33,"date":"2025-11-28T18:36:39","date_gmt":"2025-11-28T18:36:39","guid":{"rendered":"https:\/\/mariussawadogo.polyhedronsdev.com\/?page_id=33"},"modified":"2025-11-29T19:29:40","modified_gmt":"2025-11-29T19:29:40","slug":"home","status":"publish","type":"page","link":"https:\/\/mariussawadogo.com\/","title":{"rendered":"Home"},"content":{"rendered":"\t\t<div data-elementor-type=\"wp-page\" data-elementor-id=\"33\" class=\"elementor elementor-33\" data-elementor-post-type=\"page\">\n\t\t\t\t<div class=\"elementor-element elementor-element-24c0f58 e-flex e-con-boxed e-con e-parent\" data-id=\"24c0f58\" data-element_type=\"container\" data-e-type=\"container\" data-settings=\"{&quot;background_background&quot;:&quot;classic&quot;}\">\n\t\t\t\t\t<div class=\"e-con-inner\">\n\t\t<div class=\"elementor-element elementor-element-73680f2 e-con-full e-flex e-con e-child\" data-id=\"73680f2\" data-element_type=\"container\" data-e-type=\"container\" data-settings=\"{&quot;background_background&quot;:&quot;classic&quot;}\">\n\t\t\t\t<div class=\"elementor-element elementor-element-53cf5dd elementor-widget elementor-widget-heading\" data-id=\"53cf5dd\" data-element_type=\"widget\" data-e-type=\"widget\" data-widget_type=\"heading.default\">\n\t\t\t\t\t<h2 class=\"elementor-heading-title elementor-size-default\">Danseur, Chor\u00e9graphe, Com\u00e9dien &amp; Conteur\n<\/h2>\t\t\t\t<\/div>\n\t\t\t\t<div class=\"elementor-element elementor-element-930cd82 elementor-widget elementor-widget-heading\" data-id=\"930cd82\" data-element_type=\"widget\" data-e-type=\"widget\" data-widget_type=\"heading.default\">\n\t\t\t\t\t<h2 class=\"elementor-heading-title elementor-size-default\">Marius Sawadogo\n <\/h2>\t\t\t\t<\/div>\n\t\t\t\t<\/div>\n\t\t\t\t\t<\/div>\n\t\t\t\t<\/div>\n\t\t<div class=\"elementor-element elementor-element-1f86b3a e-flex e-con-boxed e-con e-parent\" data-id=\"1f86b3a\" data-element_type=\"container\" data-e-type=\"container\">\n\t\t\t\t\t<div class=\"e-con-inner\">\n\t\t\t\t<div class=\"elementor-element elementor-element-cacd5d7 elementor-widget elementor-widget-heading\" data-id=\"cacd5d7\" data-element_type=\"widget\" data-e-type=\"widget\" data-widget_type=\"heading.default\">\n\t\t\t\t\t<h2 class=\"elementor-heading-title elementor-size-default\"><a href=\"\/spectacles\">Actualit\u00e9s<\/a><\/h2>\t\t\t\t<\/div>\n\t\t\t\t\t<\/div>\n\t\t\t\t<\/div>\n\t\t<div class=\"elementor-element elementor-element-a0cca9d e-grid e-con-boxed e-con e-parent\" data-id=\"a0cca9d\" data-element_type=\"container\" data-e-type=\"container\">\n\t\t\t\t\t<div class=\"e-con-inner\">\n\t\t\t\t<div class=\"elementor-element elementor-element-63a6ced elementor-widget elementor-widget-text-editor\" data-id=\"63a6ced\" data-element_type=\"widget\" data-e-type=\"widget\" data-widget_type=\"text-editor.default\">\n\t\t\t\t\t\t\t\t\t<p>JE SUIS DONC<\/p><p>Dans un monde en constante \u00e9volution, ou chaque instant est une mosaique complexe d&#8217;\u00e9motions, de joies, de peines et de stress, &#8220;JE SUIS DONC se pr\u00e9sente comme une exploration profonde et authentique de l&#8217;etre humain.<\/p><p>Halte pour faire un point de notre trajectoire!! c&#8217;est une fa\u00e7on de faire le point d&#8217;un chemin artistique meubl\u00e9 de rencontres multiples qui \u00e0 fa\u00e7on\u00e9 et imposer un changement radical et nourrissant.<\/p><p>le savoir faire table rase est le socle de ce projet artistique.<\/p><p>ma rencontre avec Josef NADJ a \u00e9t\u00e9 une renaissance profonde en ma qualit\u00e9 de danseur chor\u00e9graphe et conteur. je suis donc explore la chor\u00e9graphie comme une perte juste, une \u00e9criture questionnant notre existence et ce qui nous lie les un aux autres. des mouvements intimes et contemporains.<\/p><p>La musicalit\u00e9, la densit\u00e9 et la finesse pour c\u00e9l\u00e9brer l&#8217;ancrage et la rencontre<\/p>\t\t\t\t\t\t\t\t<\/div>\n\t\t<div class=\"elementor-element elementor-element-cb42eb8 e-con-full e-flex e-con e-child\" data-id=\"cb42eb8\" data-element_type=\"container\" data-e-type=\"container\">\n\t\t\t\t<\/div>\n\t\t\t\t<div class=\"elementor-element elementor-element-9e36c33 elementor-widget elementor-widget-text-editor\" data-id=\"9e36c33\" data-element_type=\"widget\" data-e-type=\"widget\" data-widget_type=\"text-editor.default\">\n\t\t\t\t\t\t\t\t\tConception\/Chor\u00e9graphie;\n<Br>\nMarius S. SAWADOGO\n<Br><Br>\nAssistant;\n<Br>\nCharlemagne Kevin G. KABORE\n<Br><Br>\nInt\u00e8rpretation;\n<Br>\nBarthelemy ILBOUDO\/ Bertrand SAWADOGO\n<Br><Br>\nMusique;\n<Br>\nNOORG\/BOARO DE ZORGHO\/ ONDREJ SMEYKAL\n<Br><Br>\nLumi\u00e8re;\n<Br>\nIssa MAIGA ( BASSiTEY)\n<Br><Br>\nSc\u00e9nographie;\n<Br>\nAim\u00e9 NIKIEMA ( RAODAK)\n<Br><Br>\nProduction;\n<Br>\nKALONGO BURKINA\n<Br><Br>\nPartenaire;\n<Br>\nCentre la termiti\u00e8re (CDC)\/ institut de recherche th\u00e9atrale du burkina (IRTB)\/ Kalongo Arts Solidarit\u00e9\/ St Louis RESIDENCE VIILA NDAR\/ATELIER 3+1\/ BUREAU PLATO\/\n<Br><Br>\nCALENDRIER\n<Br>\n6 au 13 d\u00e9cembre 2025 festival Dialogue de corps OUAGA (BF)\n<Br>\n1 au 30 juin 2026 r\u00e9sidence villa ndar ST LOUIT ( S\u00e9n\u00e9gal)\n<Br><Br>\nEN TOURNEE\n<Br>\nSAISON 2027\/2028\t\t\t\t\t\t\t\t<\/div>\n\t\t<div class=\"elementor-element elementor-element-99baa89 e-con-full e-flex e-con e-child\" data-id=\"99baa89\" data-element_type=\"container\" data-e-type=\"container\">\n\t\t\t\t<\/div>\n\t\t\t\t\t<\/div>\n\t\t\t\t<\/div>\n\t\t<div class=\"elementor-element elementor-element-b7e2c94 e-flex e-con-boxed e-con e-parent\" data-id=\"b7e2c94\" data-element_type=\"container\" data-e-type=\"container\">\n\t\t\t\t\t<div class=\"e-con-inner\">\n\t\t<div class=\"elementor-element elementor-element-281c260 e-con-full e-flex e-con e-child\" data-id=\"281c260\" data-element_type=\"container\" data-e-type=\"container\" data-settings=\"{&quot;background_background&quot;:&quot;classic&quot;}\">\n\t\t\t\t<\/div>\n\t\t<div class=\"elementor-element elementor-element-818ecc3 e-con-full e-flex e-con e-child\" data-id=\"818ecc3\" data-element_type=\"container\" data-e-type=\"container\">\n\t\t<div class=\"elementor-element elementor-element-96fb6d9 e-con-full e-flex e-con e-child\" data-id=\"96fb6d9\" data-element_type=\"container\" data-e-type=\"container\">\n\t\t\t\t<div class=\"elementor-element elementor-element-2c08e87 elementor-widget elementor-widget-text-editor\" data-id=\"2c08e87\" data-element_type=\"widget\" data-e-type=\"widget\" data-widget_type=\"text-editor.default\">\n\t\t\t\t\t\t\t\t\t<p>&#8216;1000 fois mille ans&#8217; est un spectacle de questionnement sur le geste et l&#8217;oralit\u00e9, trop souvent limit\u00e9 \u00e0 la bouche. c&#8217;est l&#8217;occasion d&#8217;explorer les liens qui existe entre le corps et le conte, l&#8217;art de la parole.<\/p>\t\t\t\t\t\t\t\t<\/div>\n\t\t\t\t<div class=\"elementor-element elementor-element-dfc6954 elementor-widget elementor-widget-button\" data-id=\"dfc6954\" data-element_type=\"widget\" data-e-type=\"widget\" data-widget_type=\"button.default\">\n\t\t\t\t\t\t\t\t\t\t<a class=\"elementor-button elementor-button-link elementor-size-sm\" href=\"\/1000-fois\">\n\t\t\t\t\t\t<span class=\"elementor-button-content-wrapper\">\n\t\t\t\t\t\t\t\t\t<span class=\"elementor-button-text\">plus d'infos<\/span>\n\t\t\t\t\t<\/span>\n\t\t\t\t\t<\/a>\n\t\t\t\t\t\t\t\t<\/div>\n\t\t\t\t<\/div>\n\t\t\t\t<\/div>\n\t\t\t\t\t<\/div>\n\t\t\t\t<\/div>\n\t\t<div class=\"elementor-element elementor-element-b1f82bb e-flex e-con-boxed e-con e-parent\" data-id=\"b1f82bb\" data-element_type=\"container\" data-e-type=\"container\">\n\t\t\t\t\t<div class=\"e-con-inner\">\n\t\t<div class=\"elementor-element elementor-element-3ea96b7 e-con-full e-flex e-con e-child\" data-id=\"3ea96b7\" data-element_type=\"container\" data-e-type=\"container\" data-settings=\"{&quot;background_background&quot;:&quot;classic&quot;}\">\n\t\t\t\t<\/div>\n\t\t<div class=\"elementor-element elementor-element-699a9dc e-con-full e-flex e-con e-child\" data-id=\"699a9dc\" data-element_type=\"container\" data-e-type=\"container\">\n\t\t<div class=\"elementor-element elementor-element-df94cf1 e-con-full e-flex e-con e-child\" data-id=\"df94cf1\" data-element_type=\"container\" data-e-type=\"container\">\n\t\t\t\t<div class=\"elementor-element elementor-element-71d4e38 elementor-widget elementor-widget-text-editor\" data-id=\"71d4e38\" data-element_type=\"widget\" data-e-type=\"widget\" data-widget_type=\"text-editor.default\">\n\t\t\t\t\t\t\t\t\t<p>&#8220;Nifou&#8221; s&#8217;inspire de la danse traditionnelle indienne le kathak,avec sa richesse patrimonial comme symbole d&#8217;identit\u00e9.<\/p>\t\t\t\t\t\t\t\t<\/div>\n\t\t\t\t<div class=\"elementor-element elementor-element-361e773 elementor-widget elementor-widget-button\" data-id=\"361e773\" data-element_type=\"widget\" data-e-type=\"widget\" data-widget_type=\"button.default\">\n\t\t\t\t\t\t\t\t\t\t<a class=\"elementor-button elementor-button-link elementor-size-sm\" href=\"\/nifou-brbrlaureat\">\n\t\t\t\t\t\t<span class=\"elementor-button-content-wrapper\">\n\t\t\t\t\t\t\t\t\t<span class=\"elementor-button-text\">plus d'infos<\/span>\n\t\t\t\t\t<\/span>\n\t\t\t\t\t<\/a>\n\t\t\t\t\t\t\t\t<\/div>\n\t\t\t\t<\/div>\n\t\t\t\t<\/div>\n\t\t\t\t\t<\/div>\n\t\t\t\t<\/div>\n\t\t<div class=\"elementor-element elementor-element-6b682ac e-flex e-con-boxed e-con e-parent\" data-id=\"6b682ac\" data-element_type=\"container\" data-e-type=\"container\">\n\t\t\t\t\t<div class=\"e-con-inner\">\n\t\t<div class=\"elementor-element elementor-element-7100af6 e-con-full e-flex e-con e-child\" data-id=\"7100af6\" data-element_type=\"container\" data-e-type=\"container\" data-settings=\"{&quot;background_background&quot;:&quot;classic&quot;}\">\n\t\t\t\t<\/div>\n\t\t<div class=\"elementor-element elementor-element-28196c6 e-con-full e-flex e-con e-child\" data-id=\"28196c6\" data-element_type=\"container\" data-e-type=\"container\">\n\t\t<div class=\"elementor-element elementor-element-237b08f e-con-full e-flex e-con e-child\" data-id=\"237b08f\" data-element_type=\"container\" data-e-type=\"container\">\n\t\t\t\t<div class=\"elementor-element elementor-element-e0ed89d elementor-widget elementor-widget-text-editor\" data-id=\"e0ed89d\" data-element_type=\"widget\" data-e-type=\"widget\" data-widget_type=\"text-editor.default\">\n\t\t\t\t\t\t\t\t\t<p>Quand le Corps et les mots se croisent dans un voyage \u00e0 la rencontre des paysages africains, l\u2019\u00e9motion donne \u00e0 l\u2019imaginaire la capacit\u00e9 de s\u2019\u00e9taler vers l\u2019inconnu.<\/p>\t\t\t\t\t\t\t\t<\/div>\n\t\t\t\t<div class=\"elementor-element elementor-element-e1b22a4 elementor-widget elementor-widget-button\" data-id=\"e1b22a4\" data-element_type=\"widget\" data-e-type=\"widget\" data-widget_type=\"button.default\">\n\t\t\t\t\t\t\t\t\t\t<a class=\"elementor-button elementor-button-link elementor-size-sm\" href=\"\/les-rayons\">\n\t\t\t\t\t\t<span class=\"elementor-button-content-wrapper\">\n\t\t\t\t\t\t\t\t\t<span class=\"elementor-button-text\">plus d'infos<\/span>\n\t\t\t\t\t<\/span>\n\t\t\t\t\t<\/a>\n\t\t\t\t\t\t\t\t<\/div>\n\t\t\t\t<\/div>\n\t\t\t\t<\/div>\n\t\t\t\t\t<\/div>\n\t\t\t\t<\/div>\n\t\t<div class=\"elementor-element elementor-element-aa282f1 e-flex e-con-boxed e-con e-parent\" data-id=\"aa282f1\" data-element_type=\"container\" data-e-type=\"container\">\n\t\t\t\t\t<div class=\"e-con-inner\">\n\t\t<div class=\"elementor-element elementor-element-0803545 e-con-full e-flex e-con e-child\" data-id=\"0803545\" data-element_type=\"container\" data-e-type=\"container\" data-settings=\"{&quot;background_background&quot;:&quot;classic&quot;}\">\n\t\t\t\t<\/div>\n\t\t<div class=\"elementor-element elementor-element-a59b4c0 e-con-full e-flex e-con e-child\" data-id=\"a59b4c0\" data-element_type=\"container\" data-e-type=\"container\">\n\t\t<div class=\"elementor-element elementor-element-e683d89 e-con-full e-flex e-con e-child\" data-id=\"e683d89\" data-element_type=\"container\" data-e-type=\"container\">\n\t\t\t\t<div class=\"elementor-element elementor-element-f018756 elementor-widget elementor-widget-text-editor\" data-id=\"f018756\" data-element_type=\"widget\" data-e-type=\"widget\" data-widget_type=\"text-editor.default\">\n\t\t\t\t\t\t\t\t\t<p>Alors que nos paroles et nos actes sont les uniques t\u00e9moins de ce que nous sommes, ceux-ci parfois nous \u00e9chappent, nous d\u00e9passent.<\/p>\t\t\t\t\t\t\t\t<\/div>\n\t\t\t\t<div class=\"elementor-element elementor-element-0d1e9e3 elementor-widget elementor-widget-button\" data-id=\"0d1e9e3\" data-element_type=\"widget\" data-e-type=\"widget\" data-widget_type=\"button.default\">\n\t\t\t\t\t\t\t\t\t\t<a class=\"elementor-button elementor-button-link elementor-size-sm\" href=\"\/berger-dames\">\n\t\t\t\t\t\t<span class=\"elementor-button-content-wrapper\">\n\t\t\t\t\t\t\t\t\t<span class=\"elementor-button-text\">plus d'infos<\/span>\n\t\t\t\t\t<\/span>\n\t\t\t\t\t<\/a>\n\t\t\t\t\t\t\t\t<\/div>\n\t\t\t\t<\/div>\n\t\t\t\t<\/div>\n\t\t\t\t\t<\/div>\n\t\t\t\t<\/div>\n\t\t\t\t<\/div>\n\t\t","protected":false},"excerpt":{"rendered":"<p>Danseur, Chor\u00e9graphe, Com\u00e9dien &amp; Conteur Marius Sawadogo Actualit\u00e9s JE SUIS DONC Dans un monde en constante \u00e9volution, ou chaque instant est une mosaique complexe d&#8217;\u00e9motions, de joies, de peines et de stress, &#8220;JE SUIS DONC se pr\u00e9sente comme une exploration profonde et authentique de l&#8217;etre humain. Halte pour faire un point de notre trajectoire!! c&#8217;est [&hellip;]<\/p>\n","protected":false},"author":1,"featured_media":0,"parent":0,"menu_order":0,"comment_status":"closed","ping_status":"closed","template":"","meta":{"footnotes":""},"class_list":["post-33","page","type-page","status-publish","hentry"],"yoast_head":"<!-- This site is optimized with the Yoast SEO plugin v27.4 - https:\/\/yoast.com\/product\/yoast-seo-wordpress\/ -->\n<title>Home - Marius Sawadogo<\/title>\n<meta name=\"robots\" content=\"index, follow, max-snippet:-1, max-image-preview:large, max-video-preview:-1\" \/>\n<link rel=\"canonical\" href=\"https:\/\/mariussawadogo.com\/\" \/>\n<meta property=\"og:locale\" content=\"en_US\" \/>\n<meta property=\"og:type\" content=\"article\" \/>\n<meta property=\"og:title\" content=\"Home - Marius Sawadogo\" \/>\n<meta property=\"og:description\" content=\"Danseur, Chor\u00e9graphe, Com\u00e9dien &amp; Conteur Marius Sawadogo Actualit\u00e9s JE SUIS DONC Dans un monde en constante \u00e9volution, ou chaque instant est une mosaique complexe d&#8217;\u00e9motions, de joies, de peines et de stress, &#8220;JE SUIS DONC se pr\u00e9sente comme une exploration profonde et authentique de l&#8217;etre humain. Halte pour faire un point de notre trajectoire!! c&#8217;est [&hellip;]\" \/>\n<meta property=\"og:url\" content=\"https:\/\/mariussawadogo.com\/\" \/>\n<meta property=\"og:site_name\" content=\"Marius Sawadogo\" \/>\n<meta property=\"article:modified_time\" content=\"2025-11-29T19:29:40+00:00\" \/>\n<meta name=\"twitter:card\" content=\"summary_large_image\" \/>\n<meta name=\"twitter:label1\" content=\"Est. reading time\" \/>\n\t<meta name=\"twitter:data1\" content=\"2 minutes\" \/>\n<script type=\"application\/ld+json\" class=\"yoast-schema-graph\">{\"@context\":\"https:\\\/\\\/schema.org\",\"@graph\":[{\"@type\":\"WebPage\",\"@id\":\"https:\\\/\\\/mariussawadogo.com\\\/\",\"url\":\"https:\\\/\\\/mariussawadogo.com\\\/\",\"name\":\"Home - Marius Sawadogo\",\"isPartOf\":{\"@id\":\"https:\\\/\\\/mariussawadogo.com\\\/#website\"},\"datePublished\":\"2025-11-28T18:36:39+00:00\",\"dateModified\":\"2025-11-29T19:29:40+00:00\",\"breadcrumb\":{\"@id\":\"https:\\\/\\\/mariussawadogo.com\\\/#breadcrumb\"},\"inLanguage\":\"en-US\",\"potentialAction\":[{\"@type\":\"ReadAction\",\"target\":[\"https:\\\/\\\/mariussawadogo.com\\\/\"]}]},{\"@type\":\"BreadcrumbList\",\"@id\":\"https:\\\/\\\/mariussawadogo.com\\\/#breadcrumb\",\"itemListElement\":[{\"@type\":\"ListItem\",\"position\":1,\"name\":\"Home\",\"item\":\"https:\\\/\\\/mariussawadogo.com\\\/\"},{\"@type\":\"ListItem\",\"position\":2,\"name\":\"Home\"}]},{\"@type\":\"WebSite\",\"@id\":\"https:\\\/\\\/mariussawadogo.com\\\/#website\",\"url\":\"https:\\\/\\\/mariussawadogo.com\\\/\",\"name\":\"Marius Sawadogo\",\"description\":\"Marius Sawadogo Website\",\"publisher\":{\"@id\":\"https:\\\/\\\/mariussawadogo.com\\\/#organization\"},\"potentialAction\":[{\"@type\":\"SearchAction\",\"target\":{\"@type\":\"EntryPoint\",\"urlTemplate\":\"https:\\\/\\\/mariussawadogo.com\\\/?s={search_term_string}\"},\"query-input\":{\"@type\":\"PropertyValueSpecification\",\"valueRequired\":true,\"valueName\":\"search_term_string\"}}],\"inLanguage\":\"en-US\"},{\"@type\":\"Organization\",\"@id\":\"https:\\\/\\\/mariussawadogo.com\\\/#organization\",\"name\":\"Marius Sawadogo\",\"url\":\"https:\\\/\\\/mariussawadogo.com\\\/\",\"logo\":{\"@type\":\"ImageObject\",\"inLanguage\":\"en-US\",\"@id\":\"https:\\\/\\\/mariussawadogo.com\\\/#\\\/schema\\\/logo\\\/image\\\/\",\"url\":\"https:\\\/\\\/mariussawadogo.com\\\/wp-content\\\/uploads\\\/2025\\\/11\\\/unnamed-26.png\",\"contentUrl\":\"https:\\\/\\\/mariussawadogo.com\\\/wp-content\\\/uploads\\\/2025\\\/11\\\/unnamed-26.png\",\"width\":100,\"height\":100,\"caption\":\"Marius Sawadogo\"},\"image\":{\"@id\":\"https:\\\/\\\/mariussawadogo.com\\\/#\\\/schema\\\/logo\\\/image\\\/\"}}]}<\/script>\n<!-- \/ Yoast SEO plugin. -->","yoast_head_json":{"title":"Home - Marius Sawadogo","robots":{"index":"index","follow":"follow","max-snippet":"max-snippet:-1","max-image-preview":"max-image-preview:large","max-video-preview":"max-video-preview:-1"},"canonical":"https:\/\/mariussawadogo.com\/","og_locale":"en_US","og_type":"article","og_title":"Home - Marius Sawadogo","og_description":"Danseur, Chor\u00e9graphe, Com\u00e9dien &amp; Conteur Marius Sawadogo Actualit\u00e9s JE SUIS DONC Dans un monde en constante \u00e9volution, ou chaque instant est une mosaique complexe d&#8217;\u00e9motions, de joies, de peines et de stress, &#8220;JE SUIS DONC se pr\u00e9sente comme une exploration profonde et authentique de l&#8217;etre humain. Halte pour faire un point de notre trajectoire!! c&#8217;est [&hellip;]","og_url":"https:\/\/mariussawadogo.com\/","og_site_name":"Marius Sawadogo","article_modified_time":"2025-11-29T19:29:40+00:00","twitter_card":"summary_large_image","twitter_misc":{"Est. reading time":"2 minutes"},"schema":{"@context":"https:\/\/schema.org","@graph":[{"@type":"WebPage","@id":"https:\/\/mariussawadogo.com\/","url":"https:\/\/mariussawadogo.com\/","name":"Home - Marius Sawadogo","isPartOf":{"@id":"https:\/\/mariussawadogo.com\/#website"},"datePublished":"2025-11-28T18:36:39+00:00","dateModified":"2025-11-29T19:29:40+00:00","breadcrumb":{"@id":"https:\/\/mariussawadogo.com\/#breadcrumb"},"inLanguage":"en-US","potentialAction":[{"@type":"ReadAction","target":["https:\/\/mariussawadogo.com\/"]}]},{"@type":"BreadcrumbList","@id":"https:\/\/mariussawadogo.com\/#breadcrumb","itemListElement":[{"@type":"ListItem","position":1,"name":"Home","item":"https:\/\/mariussawadogo.com\/"},{"@type":"ListItem","position":2,"name":"Home"}]},{"@type":"WebSite","@id":"https:\/\/mariussawadogo.com\/#website","url":"https:\/\/mariussawadogo.com\/","name":"Marius Sawadogo","description":"Marius Sawadogo Website","publisher":{"@id":"https:\/\/mariussawadogo.com\/#organization"},"potentialAction":[{"@type":"SearchAction","target":{"@type":"EntryPoint","urlTemplate":"https:\/\/mariussawadogo.com\/?s={search_term_string}"},"query-input":{"@type":"PropertyValueSpecification","valueRequired":true,"valueName":"search_term_string"}}],"inLanguage":"en-US"},{"@type":"Organization","@id":"https:\/\/mariussawadogo.com\/#organization","name":"Marius Sawadogo","url":"https:\/\/mariussawadogo.com\/","logo":{"@type":"ImageObject","inLanguage":"en-US","@id":"https:\/\/mariussawadogo.com\/#\/schema\/logo\/image\/","url":"https:\/\/mariussawadogo.com\/wp-content\/uploads\/2025\/11\/unnamed-26.png","contentUrl":"https:\/\/mariussawadogo.com\/wp-content\/uploads\/2025\/11\/unnamed-26.png","width":100,"height":100,"caption":"Marius Sawadogo"},"image":{"@id":"https:\/\/mariussawadogo.com\/#\/schema\/logo\/image\/"}}]}},"_links":{"self":[{"href":"https:\/\/mariussawadogo.com\/index.php?rest_route=\/wp\/v2\/pages\/33","targetHints":{"allow":["GET"]}}],"collection":[{"href":"https:\/\/mariussawadogo.com\/index.php?rest_route=\/wp\/v2\/pages"}],"about":[{"href":"https:\/\/mariussawadogo.com\/index.php?rest_route=\/wp\/v2\/types\/page"}],"author":[{"embeddable":true,"href":"https:\/\/mariussawadogo.com\/index.php?rest_route=\/wp\/v2\/users\/1"}],"replies":[{"embeddable":true,"href":"https:\/\/mariussawadogo.com\/index.php?rest_route=%2Fwp%2Fv2%2Fcomments&post=33"}],"version-history":[{"count":16,"href":"https:\/\/mariussawadogo.com\/index.php?rest_route=\/wp\/v2\/pages\/33\/revisions"}],"predecessor-version":[{"id":161,"href":"https:\/\/mariussawadogo.com\/index.php?rest_route=\/wp\/v2\/pages\/33\/revisions\/161"}],"wp:attachment":[{"href":"https:\/\/mariussawadogo.com\/index.php?rest_route=%2Fwp%2Fv2%2Fmedia&parent=33"}],"curies":[{"name":"wp","href":"https:\/\/api.w.org\/{rel}","templated":true}]}}